{"id":52,"date":"2022-09-24T17:23:40","date_gmt":"2022-09-24T17:23:40","guid":{"rendered":"http:\/\/davidgari.com\/?page_id=52"},"modified":"2022-12-14T07:28:30","modified_gmt":"2022-12-14T07:28:30","slug":"contact","status":"publish","type":"page","link":"https:\/\/davidgari.com\/es\/contact\/","title":{"rendered":"Contacto"},"content":{"rendered":"<div class=\"wp-block-group alignfull has-black-background-color has-background is-layout-constrained wp-container-core-group-layout-4 wp-block-group-is-layout-constrained gtfy-12\" style=\"padding-top:0px;padding-right:0px;padding-bottom:0px;padding-left:0px\">\n<div class=\"wp-block-group alignfull is-layout-constrained wp-block-group-is-layout-constrained gtfy-11\">\n<div class=\"wp-block-gutenify-container alignwide gutenify-block-container-wrapper gutenify-section-60cf2b9d-2424-45ed-a74a-e423caf84052 gutenify-container-version-2 gtfy-10\"><div class=\"gutenify-container\">\n<div class=\"wp-block-columns alignwide are-vertically-aligned-center is-layout-flex wp-container-core-columns-layout-2 wp-block-columns-is-layout-flex gtfy-9\">\n<div class=\"wp-block-column is-vertically-aligned-center animated fadeInUp is-layout-flow wp-block-column-is-layout-flow gtfy-2\"><div class=\"has-text-align-left wp-block-gutenify-section-title gtfy-1\"><div class=\"gutenify-section-title-section\"><p style=\"color:#27808c\"class=\"gutenify-section-title-prefix\">CONT\u00c1CTAME<\/p><h2 style=\"color:#ffffff\"class=\"gutenify-section-title-main\">Ponte En Contacto<\/h2><p style=\"color:#686868\"class=\"gutenify-section-title-suffix\">Expl\u00edcame brevemente en qu\u00e9 puedo ayudarte y me pondr\u00e9 en contacto contigo lo antes posible. Tambi\u00e9n puedes hacerme preguntas o incluso mostrarme el proyecto que tienes en mente.<br><br>Gracias por confiar en mi.<\/p><\/div><\/div><\/div>\n\n\n\n<div class=\"wp-block-column is-vertically-aligned-center animated fadeInUp dark-field has-background is-layout-flow wp-block-column-is-layout-flow gtfy-8\" style=\"background-color:#0d0d0d;padding-top:40px;padding-right:40px;padding-bottom:40px;padding-left:40px\">\n<div class=\"wp-block-group alignwide has-no-hover-shadow-dark is-layout-constrained wp-block-group-is-layout-constrained gtfy-7\" style=\"padding-top:0px;padding-right:0px;padding-bottom:0px;padding-left:0px\">\n<div class=\"wp-block-columns is-layout-flex wp-container-core-columns-layout-1 wp-block-columns-is-layout-flex gtfy-6\">\n<div class=\"wp-block-column is-layout-flow wp-block-column-is-layout-flow gtfy-5\" style=\"flex-basis:100%\">\n<div class=\"wp-block-group is-layout-flow wp-block-group-is-layout-flow gtfy-4\">\n<div class=\"wp-block-contact-form-7-contact-form-selector gtfy-3\">\n<div class=\"wpcf7 no-js\" id=\"wpcf7-f53-o1\" lang=\"en-US\" dir=\"ltr\">\n<div class=\"screen-reader-response\"><p role=\"status\" aria-live=\"polite\" aria-atomic=\"true\"><\/p> <ul><\/ul><\/div>\n<form action=\"\/es\/wp-json\/wp\/v2\/pages\/52#wpcf7-f53-o1\" method=\"post\" class=\"wpcf7-form init\" aria-label=\"Contact form\" novalidate=\"novalidate\" data-status=\"init\" data-trp-original-action=\"\/es\/wp-json\/wp\/v2\/pages\/52#wpcf7-f53-o1\">\n<div style=\"display: none;\">\n<input type=\"hidden\" name=\"_wpcf7\" value=\"53\" \/>\n<input type=\"hidden\" name=\"_wpcf7_version\" value=\"5.9.8\" \/>\n<input type=\"hidden\" name=\"_wpcf7_locale\" value=\"en_US\" \/>\n<input type=\"hidden\" name=\"_wpcf7_unit_tag\" value=\"wpcf7-f53-o1\" \/>\n<input type=\"hidden\" name=\"_wpcf7_container_post\" value=\"0\" \/>\n<input type=\"hidden\" name=\"_wpcf7_posted_data_hash\" value=\"\" \/>\n<\/div>\n<p><label> Tu nombre<br \/>\n<span class=\"wpcf7-form-control-wrap\" data-name=\"your-name\"><input size=\"40\" maxlength=\"400\" class=\"wpcf7-form-control wpcf7-text wpcf7-validates-as-required\" aria-required=\"true\" aria-invalid=\"false\" value=\"\" type=\"text\" name=\"your-name\" \/><\/span> <\/label>\n<\/p>\n<p><label> Tu correo electr\u00f3nico<br \/>\n<span class=\"wpcf7-form-control-wrap\" data-name=\"your-email\"><input size=\"40\" maxlength=\"400\" class=\"wpcf7-form-control wpcf7-email wpcf7-validates-as-required wpcf7-text wpcf7-validates-as-email\" aria-required=\"true\" aria-invalid=\"false\" value=\"\" type=\"email\" name=\"your-email\" \/><\/span> <\/label>\n<\/p>\n<p><label> Asunto<br \/>\n<span class=\"wpcf7-form-control-wrap\" data-name=\"your-subject\"><input size=\"40\" maxlength=\"400\" class=\"wpcf7-form-control wpcf7-text wpcf7-validates-as-required\" aria-required=\"true\" aria-invalid=\"false\" value=\"\" type=\"text\" name=\"your-subject\" \/><\/span> <\/label>\n<\/p>\n<p><label> Tu Mensaje<br \/>\n<span class=\"wpcf7-form-control-wrap\" data-name=\"your-message\"><textarea cols=\"40\" rows=\"10\" maxlength=\"2000\" class=\"wpcf7-form-control wpcf7-textarea\" aria-invalid=\"false\" name=\"your-message\"><\/textarea><\/span> <\/label>\n<\/p>\n<p><span class=\"wpcf7-form-control-wrap\" data-name=\"checkbox-416\"><span class=\"wpcf7-form-control wpcf7-checkbox wpcf7-validates-as-required\"><span class=\"wpcf7-list-item first last\"><label><input type=\"checkbox\" name=\"checkbox-416[]\" value=\"Im not spam\" \/><span class=\"wpcf7-list-item-label\">Im not spam<\/span><\/label><\/span><\/span><\/span><br \/>\n<input class=\"wpcf7-form-control wpcf7-submit has-spinner\" type=\"submit\" value=\"Enviar\" \/>\n<\/p><p style=\"display: none !important;\" class=\"akismet-fields-container\" data-prefix=\"_wpcf7_ak_\"><label>&#916;<textarea name=\"_wpcf7_ak_hp_textarea\" cols=\"45\" rows=\"8\" maxlength=\"100\"><\/textarea><\/label><input type=\"hidden\" id=\"ak_js_1\" name=\"_wpcf7_ak_js\" value=\"2\"\/><script>document.getElementById( \"ak_js_1\" ).setAttribute( \"value\", ( new Date() ).getTime() );<\/script><\/p><div class=\"wpcf7-response-output\" aria-hidden=\"true\"><\/div>\n<input type=\"hidden\" name=\"trp-form-language\" value=\"es\"\/><\/form>\n<\/div>\n<\/div>\n<\/div>\n<\/div>\n<\/div>\n<\/div>\n<\/div>\n<\/div>\n<\/div><\/div>\n<\/div>\n<\/div>","protected":false},"excerpt":{"rendered":"","protected":false},"author":1,"featured_media":0,"parent":0,"menu_order":0,"comment_status":"closed","ping_status":"closed","template":"","meta":{"footnotes":""},"yoast_head":"<!-- This site is optimized with the Yoast SEO plugin v23.5 - https:\/\/yoast.com\/wordpress\/plugins\/seo\/ -->\n<title>Contact - David Gari<\/title>\n<meta name=\"description\" content=\"Explain briefly how I can help you and I will contact you as soon as possible. You can also ask me questions or even show me the project...\" \/>\n<meta name=\"robots\" content=\"index, follow, max-snippet:-1, max-image-preview:large, max-video-preview:-1\" \/>\n<link rel=\"canonical\" href=\"https:\/\/davidgari.com\/es\/contact\/\" \/>\n<meta property=\"og:locale\" content=\"es_ES\" \/>\n<meta property=\"og:type\" content=\"article\" \/>\n<meta property=\"og:title\" content=\"Contact - David Gari\" \/>\n<meta property=\"og:description\" content=\"Explain briefly how I can help you and I will contact you as soon as possible. You can also ask me questions or even show me the project...\" \/>\n<meta property=\"og:url\" content=\"https:\/\/davidgari.com\/es\/contact\/\" \/>\n<meta property=\"og:site_name\" content=\"David Gari\" \/>\n<meta property=\"article:modified_time\" content=\"2022-12-14T07:28:30+00:00\" \/>\n<meta name=\"twitter:card\" content=\"summary_large_image\" \/>\n<meta name=\"twitter:label1\" content=\"Tiempo de lectura\" \/>\n\t<meta name=\"twitter:data1\" content=\"1 minuto\" \/>\n<script type=\"application\/ld+json\" class=\"yoast-schema-graph\">{\"@context\":\"https:\/\/schema.org\",\"@graph\":[{\"@type\":\"WebPage\",\"@id\":\"https:\/\/davidgari.com\/contact\/\",\"url\":\"https:\/\/davidgari.com\/contact\/\",\"name\":\"Contact - David Gari\",\"isPartOf\":{\"@id\":\"https:\/\/davidgari.com\/#website\"},\"datePublished\":\"2022-09-24T17:23:40+00:00\",\"dateModified\":\"2022-12-14T07:28:30+00:00\",\"description\":\"Explain briefly how I can help you and I will contact you as soon as possible. You can also ask me questions or even show me the project...\",\"breadcrumb\":{\"@id\":\"https:\/\/davidgari.com\/contact\/#breadcrumb\"},\"inLanguage\":\"es\",\"potentialAction\":[{\"@type\":\"ReadAction\",\"target\":[\"https:\/\/davidgari.com\/contact\/\"]}]},{\"@type\":\"BreadcrumbList\",\"@id\":\"https:\/\/davidgari.com\/contact\/#breadcrumb\",\"itemListElement\":[{\"@type\":\"ListItem\",\"position\":1,\"name\":\"Home\",\"item\":\"https:\/\/davidgari.com\/\"},{\"@type\":\"ListItem\",\"position\":2,\"name\":\"Contact\"}]},{\"@type\":\"WebSite\",\"@id\":\"https:\/\/davidgari.com\/#website\",\"url\":\"https:\/\/davidgari.com\/\",\"name\":\"David Gari\",\"description\":\"PHOTOGRAPHER\",\"publisher\":{\"@id\":\"https:\/\/davidgari.com\/#\/schema\/person\/dcff37ec416f5267d9a678326da789cf\"},\"potentialAction\":[{\"@type\":\"SearchAction\",\"target\":{\"@type\":\"EntryPoint\",\"urlTemplate\":\"https:\/\/davidgari.com\/?s={search_term_string}\"},\"query-input\":{\"@type\":\"PropertyValueSpecification\",\"valueRequired\":true,\"valueName\":\"search_term_string\"}}],\"inLanguage\":\"es\"},{\"@type\":[\"Person\",\"Organization\"],\"@id\":\"https:\/\/davidgari.com\/#\/schema\/person\/dcff37ec416f5267d9a678326da789cf\",\"name\":\"davidgari\",\"image\":{\"@type\":\"ImageObject\",\"inLanguage\":\"es\",\"@id\":\"https:\/\/davidgari.com\/#\/schema\/person\/image\/\",\"url\":\"https:\/\/davidgari.com\/wp-content\/uploads\/2022\/12\/Sin-titulo-3.png\",\"contentUrl\":\"https:\/\/davidgari.com\/wp-content\/uploads\/2022\/12\/Sin-titulo-3.png\",\"width\":512,\"height\":512,\"caption\":\"davidgari\"},\"logo\":{\"@id\":\"https:\/\/davidgari.com\/#\/schema\/person\/image\/\"},\"sameAs\":[\"http:\/\/davidgari.com\",\"https:\/\/www.instagram.com\/davidgarii\/\"]}]}<\/script>\n<!-- \/ Yoast SEO plugin. -->","yoast_head_json":{"title":"Contact - David Gari","description":"Explain briefly how I can help you and I will contact you as soon as possible. You can also ask me questions or even show me the project...","robots":{"index":"index","follow":"follow","max-snippet":"max-snippet:-1","max-image-preview":"max-image-preview:large","max-video-preview":"max-video-preview:-1"},"canonical":"https:\/\/davidgari.com\/es\/contact\/","og_locale":"es_ES","og_type":"article","og_title":"Contact - David Gari","og_description":"Explain briefly how I can help you and I will contact you as soon as possible. You can also ask me questions or even show me the project...","og_url":"https:\/\/davidgari.com\/es\/contact\/","og_site_name":"David Gari","article_modified_time":"2022-12-14T07:28:30+00:00","twitter_card":"summary_large_image","twitter_misc":{"Tiempo de lectura":"1 minuto"},"schema":{"@context":"https:\/\/schema.org","@graph":[{"@type":"WebPage","@id":"https:\/\/davidgari.com\/contact\/","url":"https:\/\/davidgari.com\/contact\/","name":"Contact - David Gari","isPartOf":{"@id":"https:\/\/davidgari.com\/#website"},"datePublished":"2022-09-24T17:23:40+00:00","dateModified":"2022-12-14T07:28:30+00:00","description":"Explain briefly how I can help you and I will contact you as soon as possible. You can also ask me questions or even show me the project...","breadcrumb":{"@id":"https:\/\/davidgari.com\/contact\/#breadcrumb"},"inLanguage":"es","potentialAction":[{"@type":"ReadAction","target":["https:\/\/davidgari.com\/contact\/"]}]},{"@type":"BreadcrumbList","@id":"https:\/\/davidgari.com\/contact\/#breadcrumb","itemListElement":[{"@type":"ListItem","position":1,"name":"Home","item":"https:\/\/davidgari.com\/"},{"@type":"ListItem","position":2,"name":"Contact"}]},{"@type":"WebSite","@id":"https:\/\/davidgari.com\/#website","url":"https:\/\/davidgari.com\/","name":"David Gari","description":"PHOTOGRAPHER","publisher":{"@id":"https:\/\/davidgari.com\/#\/schema\/person\/dcff37ec416f5267d9a678326da789cf"},"potentialAction":[{"@type":"SearchAction","target":{"@type":"EntryPoint","urlTemplate":"https:\/\/davidgari.com\/?s={search_term_string}"},"query-input":{"@type":"PropertyValueSpecification","valueRequired":true,"valueName":"search_term_string"}}],"inLanguage":"es"},{"@type":["Person","Organization"],"@id":"https:\/\/davidgari.com\/#\/schema\/person\/dcff37ec416f5267d9a678326da789cf","name":"davidgari","image":{"@type":"ImageObject","inLanguage":"es","@id":"https:\/\/davidgari.com\/#\/schema\/person\/image\/","url":"https:\/\/davidgari.com\/wp-content\/uploads\/2022\/12\/Sin-titulo-3.png","contentUrl":"https:\/\/davidgari.com\/wp-content\/uploads\/2022\/12\/Sin-titulo-3.png","width":512,"height":512,"caption":"davidgari"},"logo":{"@id":"https:\/\/davidgari.com\/#\/schema\/person\/image\/"},"sameAs":["http:\/\/davidgari.com","https:\/\/www.instagram.com\/davidgarii\/"]}]}},"_links":{"self":[{"href":"https:\/\/davidgari.com\/es\/wp-json\/wp\/v2\/pages\/52"}],"collection":[{"href":"https:\/\/davidgari.com\/es\/wp-json\/wp\/v2\/pages"}],"about":[{"href":"https:\/\/davidgari.com\/es\/wp-json\/wp\/v2\/types\/page"}],"author":[{"embeddable":true,"href":"https:\/\/davidgari.com\/es\/wp-json\/wp\/v2\/users\/1"}],"replies":[{"embeddable":true,"href":"https:\/\/davidgari.com\/es\/wp-json\/wp\/v2\/comments?post=52"}],"version-history":[{"count":9,"href":"https:\/\/davidgari.com\/es\/wp-json\/wp\/v2\/pages\/52\/revisions"}],"predecessor-version":[{"id":436,"href":"https:\/\/davidgari.com\/es\/wp-json\/wp\/v2\/pages\/52\/revisions\/436"}],"wp:attachment":[{"href":"https:\/\/davidgari.com\/es\/wp-json\/wp\/v2\/media?parent=52"}],"curies":[{"name":"wp","href":"https:\/\/api.w.org\/{rel}","templated":true}]}}